{"id":2,"date":"2016-12-04T16:40:10","date_gmt":"2016-12-04T15:40:10","guid":{"rendered":"http:\/\/frasamusiclive.com\/?page_id=2"},"modified":"2025-08-15T11:43:24","modified_gmt":"2025-08-15T09:43:24","slug":"page-d-exemple","status":"publish","type":"page","link":"https:\/\/frasamusiclive.com\/","title":{"rendered":"Accueil"},"content":{"rendered":"<div class=\"field field-name-field-image field-type-image field-label-hidden\"><\/div>\n<div class=\"field field-name-body field-type-text-with-summary field-label-hidden\">\n<div class=\"field-items\">\n<div class=\"field-item even\">\n<p>Situ\u00e9e au c\u0153ur du Vexin, l&rsquo;\u00e9cole de musiques actuelles FRASA MUSIC LIVE r\u00e9pond \u00e0 sa vocation d\u2019enseigner la musique aux amateurs de tous niveaux.<\/p>\n<p>Notre studio d&rsquo;enregistrement professionnel produit maquettes et albums dans tous les styles musicaux, aussi bien pour les musiciens amateurs que pour les professionnels.<\/p>\n<p>Les enfants, \u00e0 partir de 6 ans, comme les adultes, ont ainsi la possibilit\u00e9 de pratiquer un instrument, comme le chant, de la musique rock blues, funk, pop, vari\u00e9t\u00e9, en passant par le jazz et la musique latine.<\/p>\n<p>Toute l&rsquo;\u00e9quipe est heureuse de vous accueillir dans ses locaux, une structure aux multiples offres afin de toucher un public plus large et de d\u00e9gager une sp\u00e9cificit\u00e9 p\u00e9dagogique sur le territoire du Vexin.<\/p>\n<p>&nbsp;<\/p>\n<\/div>\n<\/div>\n<\/div>\n","protected":false},"excerpt":{"rendered":"<p>Situ\u00e9e au c\u0153ur du Vexin, l&rsquo;\u00e9cole de musiques actuelles FRASA MUSIC LIVE r\u00e9pond \u00e0 sa vocation d\u2019enseigner la musique aux amateurs de tous niveaux. Notre studio d&rsquo;enregistrement professionnel produit maquettes et albums dans tous les styles musicaux, aussi bien pour les musiciens amateurs que pour <span class=\"read-more\"><a class=\"more-link btn btn-transparent\" href=\"https:\/\/frasamusiclive.com\/\">Read More &#8230;<\/a><\/span><\/p>\n","protected":false},"author":1,"featured_media":0,"parent":0,"menu_order":0,"comment_status":"closed","ping_status":"closed","template":"","meta":{"jetpack_post_was_ever_published":false,"footnotes":""},"class_list":["post-2","page","type-page","status-publish","hentry"],"jetpack_sharing_enabled":true,"jetpack_shortlink":"https:\/\/wp.me\/P8aWDc-2","_links":{"self":[{"href":"https:\/\/frasamusiclive.com\/index.php\/wp-json\/wp\/v2\/pages\/2","targetHints":{"allow":["GET"]}}],"collection":[{"href":"https:\/\/frasamusiclive.com\/index.php\/wp-json\/wp\/v2\/pages"}],"about":[{"href":"https:\/\/frasamusiclive.com\/index.php\/wp-json\/wp\/v2\/types\/page"}],"author":[{"embeddable":true,"href":"https:\/\/frasamusiclive.com\/index.php\/wp-json\/wp\/v2\/users\/1"}],"replies":[{"embeddable":true,"href":"https:\/\/frasamusiclive.com\/index.php\/wp-json\/wp\/v2\/comments?post=2"}],"version-history":[{"count":13,"href":"https:\/\/frasamusiclive.com\/index.php\/wp-json\/wp\/v2\/pages\/2\/revisions"}],"predecessor-version":[{"id":606,"href":"https:\/\/frasamusiclive.com\/index.php\/wp-json\/wp\/v2\/pages\/2\/revisions\/606"}],"wp:attachment":[{"href":"https:\/\/frasamusiclive.com\/index.php\/wp-json\/wp\/v2\/media?parent=2"}],"curies":[{"name":"wp","href":"https:\/\/api.w.org\/{rel}","templated":true}]}}